{"id":25,"date":"2014-09-26T17:24:29","date_gmt":"2014-09-26T17:24:29","guid":{"rendered":"http:\/\/192.168.1.104\/enfold-photography\/?page_id=25"},"modified":"2022-04-27T15:09:26","modified_gmt":"2022-04-27T15:09:26","slug":"expositions-nam-artiste-plasticien-choletais","status":"publish","type":"page","link":"https:\/\/nam-k.fr\/index.php\/expositions-nam-artiste-plasticien-choletais\/","title":{"rendered":"Expositions"},"content":{"rendered":"<div class=\"flex_column av_one_full  flex_column_div av-zero-column-padding first  avia-builder-el-0  el_before_av_masonry_entries  avia-builder-el-no-sibling  \" style='border-radius:0px; '><section class=\"av_textblock_section \"  itemscope=\"itemscope\" itemtype=\"https:\/\/schema.org\/CreativeWork\" ><div class='avia_textblock  '   itemprop=\"text\" ><h2 style=\"text-align: center;\">LIEUX D\u2019EXPOSITION<\/h2>\n<\/div><\/section><br \/>\n<section class=\"av_textblock_section \"  itemscope=\"itemscope\" itemtype=\"https:\/\/schema.org\/CreativeWork\" ><div class='avia_textblock  '   itemprop=\"text\" ><p style=\"text-align: center;\">Chaque Lieu a son architecture, sa lumi\u00e8re, son histoire.<\/p>\n<p style=\"text-align: center;\">De mon SAS (atelier) jusqu\u2019au lieu d\u2019exposition mes cr\u00e9ations naissent, se r\u00e9v\u00e8lent, elles s\u2019animent d\u2019une envie d\u2019\u00e9changer, de vibrer, pour enfin diffuser leur vraie raison d\u2019\u00eatre.<\/p>\n<p style=\"text-align: center;\">De mes 16m2 via : un salon de coiffure, un opticien, des salons d\u2019arts, des Abbayes, une chapelle ,des troglodytes : ma d\u00e9marche artistique continue \u00e0 prendre tout son sens gr\u00e2ce \u00e0 tout ces lieux g\u00e9n\u00e9reux o\u00f9 la troisi\u00e8me dimension m\u2019est \u00abofferte\u00bb&#8230;<\/p>\n<p style=\"text-align: center;\">Mes recherches s\u2019installent&#8230;<\/p>\n<\/div><\/section><\/p><\/div>\n<div id='av-masonry-1' class='av-masonry  noHover av-fixed-size av-large-gap av-hover-overlay-active av-masonry-animation-active av-masonry-col-3 av-caption-always av-caption-style-    '  ><div class='av-masonry-container isotope av-js-disabled ' ><div class='av-masonry-entry isotope-item av-masonry-item-no-image '><\/div><a href=\"https:\/\/nam-k.fr\/index.php\/portfolio-item\/2022-lephemere-musee-dart-cholet\/\" id='av-masonry-1-item-943' data-av-masonry-item='943' class='av-masonry-entry isotope-item post-943 portfolio type-portfolio status-publish has-post-thumbnail hentry portfolio_entries-exposition  av-masonry-item-with-image av-grid-img' title=\"Exposition NAM Mus\u00e9e Cholet Flou\"  itemscope=\"itemscope\" itemtype=\"https:\/\/schema.org\/CreativeWork\" ><div class='av-inner-masonry-sizer'><\/div><figure class='av-inner-masonry main_color'><div class=\"av-masonry-outerimage-container\"><div class=\"av-masonry-image-container\" style=\"background-image: url(https:\/\/nam-k.fr\/wp-content\/uploads\/2022\/04\/Exposition-NAM-Musee-Cholet-Flou-705x705.jpg);\" title=\"Exposition NAM Mus\u00e9e Cholet Flou\" ><\/div><\/div><figcaption class='av-inner-masonry-content site-background'><div class='av-inner-masonry-content-pos'><div class='av-inner-masonry-content-pos-content'><div class='avia-arrow'><\/div><h3 class='av-masonry-entry-title entry-title '  itemprop=\"headline\" >2022 &#8211; L&rsquo;EPHEMERE Mus\u00e9e D&rsquo;art Cholet<\/h3><\/div><\/div><\/figcaption><\/figure><\/a><!--end av-masonry entry--><a href=\"https:\/\/nam-k.fr\/index.php\/portfolio-item\/2020-l-observatoire-angle-de-vue\/\" id='av-masonry-1-item-436' data-av-masonry-item='436' class='av-masonry-entry isotope-item post-436 portfolio type-portfolio status-publish has-post-thumbnail hentry portfolio_entries-exposition  av-masonry-item-with-image av-grid-img' title=\"Expo L&rsquo;OBSERVATOIRE Angle de Vue 2020 BLOK 2\"  itemscope=\"itemscope\" itemtype=\"https:\/\/schema.org\/CreativeWork\" ><div class='av-inner-masonry-sizer'><\/div><figure class='av-inner-masonry main_color'><div class=\"av-masonry-outerimage-container\"><div class=\"av-masonry-image-container\" style=\"background-image: url(https:\/\/nam-k.fr\/wp-content\/uploads\/2014\/09\/Expo-LOBSERVATOIRE-Angle-de-Vue-2020-BLOK-2-705x705.jpg);\" title=\"Expo L&rsquo;OBSERVATOIRE Angle de Vue 2020 BLOK 2\" ><\/div><\/div><figcaption class='av-inner-masonry-content site-background'><div class='av-inner-masonry-content-pos'><div class='av-inner-masonry-content-pos-content'><div class='avia-arrow'><\/div><h3 class='av-masonry-entry-title entry-title '  itemprop=\"headline\" >2020 &#8211; L&rsquo;OBSERVATOIRE Angle de Vue<\/h3><\/div><\/div><\/figcaption><\/figure><\/a><!--end av-masonry entry--><a href=\"https:\/\/nam-k.fr\/index.php\/portfolio-item\/2019-troglodyte-turquant\/\" id='av-masonry-1-item-448' data-av-masonry-item='448' class='av-masonry-entry isotope-item post-448 portfolio type-portfolio status-publish has-post-thumbnail hentry portfolio_entries-exposition  av-masonry-item-with-image av-grid-img' title=\"Expo Troglodyte TURQUAND 2019 Face \u00e0 la Mati\u00e8re 3\"  itemscope=\"itemscope\" itemtype=\"https:\/\/schema.org\/CreativeWork\" ><div class='av-inner-masonry-sizer'><\/div><figure class='av-inner-masonry main_color'><div class=\"av-masonry-outerimage-container\"><div class=\"av-masonry-image-container\" style=\"background-image: url(https:\/\/nam-k.fr\/wp-content\/uploads\/2014\/09\/Expo-Troglodyte-TURQUAND-2019-Face-\u00e0-la-Mati\u00e8re-3-529x705.jpg);\" title=\"Expo Troglodyte TURQUAND 2019 Face \u00e0 la Mati\u00e8re 3\" ><\/div><\/div><figcaption class='av-inner-masonry-content site-background'><div class='av-inner-masonry-content-pos'><div class='av-inner-masonry-content-pos-content'><div class='avia-arrow'><\/div><h3 class='av-masonry-entry-title entry-title '  itemprop=\"headline\" >2019 &#8211; Troglodyte TURQUANT<\/h3><\/div><\/div><\/figcaption><\/figure><\/a><!--end av-masonry entry--><a href=\"https:\/\/nam-k.fr\/index.php\/portfolio-item\/2018-st-barthemy-d-anjou-parc-de-pignerole\/\" id='av-masonry-1-item-447' data-av-masonry-item='447' class='av-masonry-entry isotope-item post-447 portfolio type-portfolio status-publish has-post-thumbnail hentry portfolio_entries-exposition  av-masonry-item-with-image av-grid-img' title=\"EXPO ST BARTHEMY D ANJOU PARC DE PIGNEROLE 2018 D\u00e9tail\"  itemscope=\"itemscope\" itemtype=\"https:\/\/schema.org\/CreativeWork\" ><div class='av-inner-masonry-sizer'><\/div><figure class='av-inner-masonry main_color'><div class=\"av-masonry-outerimage-container\"><div class=\"av-masonry-image-container\" style=\"background-image: url(https:\/\/nam-k.fr\/wp-content\/uploads\/2014\/09\/EXPO-ST-BARTHEMY-D-ANJOU-PARC-DE-OIGNEROLE-2018-D\u00e9tail-529x705.jpg);\" title=\"EXPO ST BARTHEMY D ANJOU PARC DE PIGNEROLE 2018 D\u00e9tail\" ><\/div><\/div><figcaption class='av-inner-masonry-content site-background'><div class='av-inner-masonry-content-pos'><div class='av-inner-masonry-content-pos-content'><div class='avia-arrow'><\/div><h3 class='av-masonry-entry-title entry-title '  itemprop=\"headline\" >2018 &#8211; ST BARTHEMY D ANJOU PARC DE PIGNEROLE<\/h3><\/div><\/div><\/figcaption><\/figure><\/a><!--end av-masonry entry--><a href=\"https:\/\/nam-k.fr\/index.php\/portfolio-item\/2016-chapelle-notre-dame-de-tte-patience\/\" id='av-masonry-1-item-435' data-av-masonry-item='435' class='av-masonry-entry isotope-item post-435 portfolio type-portfolio status-publish has-post-thumbnail hentry portfolio_entries-exposition  av-masonry-item-with-image av-grid-img' title=\"Expo CHAPELLE NOTRE DAME DE TTE PATIENCE 2016 LE CUBE 2\"  itemscope=\"itemscope\" itemtype=\"https:\/\/schema.org\/CreativeWork\" ><div class='av-inner-masonry-sizer'><\/div><figure class='av-inner-masonry main_color'><div class=\"av-masonry-outerimage-container\"><div class=\"av-masonry-image-container\" style=\"background-image: url(https:\/\/nam-k.fr\/wp-content\/uploads\/2014\/09\/Expo-CHAPELLE-NOTRE-DAME-DE-TTE-PATIENCE-2016-LE-CUBE-2-494x705.jpg);\" title=\"Expo CHAPELLE NOTRE DAME DE TTE PATIENCE 2016 LE CUBE 2\" ><\/div><\/div><figcaption class='av-inner-masonry-content site-background'><div class='av-inner-masonry-content-pos'><div class='av-inner-masonry-content-pos-content'><div class='avia-arrow'><\/div><h3 class='av-masonry-entry-title entry-title '  itemprop=\"headline\" >2016 &#8211; CHAPELLE NOTRE DAME DE TTE PATIENCE<\/h3><\/div><\/div><\/figcaption><\/figure><\/a><!--end av-masonry entry--><a href=\"https:\/\/nam-k.fr\/index.php\/portfolio-item\/2013-evocation-heure-triangulaire\/\" id='av-masonry-1-item-779' data-av-masonry-item='779' class='av-masonry-entry isotope-item post-779 portfolio type-portfolio status-publish has-post-thumbnail hentry portfolio_entries-exposition  av-masonry-item-with-image av-grid-img' title=\"Expo EVOCATION Heure Triangulaire 2013 CUBE EN SUCRE 2\"  itemscope=\"itemscope\" itemtype=\"https:\/\/schema.org\/CreativeWork\" ><div class='av-inner-masonry-sizer'><\/div><figure class='av-inner-masonry main_color'><div class=\"av-masonry-outerimage-container\"><div class=\"av-masonry-image-container\" style=\"background-image: url(https:\/\/nam-k.fr\/wp-content\/uploads\/2020\/03\/Expo-IMPESANTEUR-Heure-Triangulaire-2013-CUBE-EN-SUCRE-2-494x705.jpg);\" title=\"Expo EVOCATION Heure Triangulaire 2013 CUBE EN SUCRE 2\" ><\/div><\/div><figcaption class='av-inner-masonry-content site-background'><div class='av-inner-masonry-content-pos'><div class='av-inner-masonry-content-pos-content'><div class='avia-arrow'><\/div><h3 class='av-masonry-entry-title entry-title '  itemprop=\"headline\" >2013 &#8211; EVOCATION Heure Triangulaire<\/h3><\/div><\/div><\/figcaption><\/figure><\/a><!--end av-masonry entry--><a href=\"https:\/\/nam-k.fr\/index.php\/portfolio-item\/2011-lheure-triangulaire-impesanteur\/\" id='av-masonry-1-item-809' data-av-masonry-item='809' class='av-masonry-entry isotope-item post-809 portfolio type-portfolio status-publish has-post-thumbnail hentry portfolio_entries-exposition  av-masonry-item-with-image av-grid-img' title=\"Expo IMPESANTEUR L&rsquo;HEURE TRIANGULAIRE 2011 Portrait\"  itemscope=\"itemscope\" itemtype=\"https:\/\/schema.org\/CreativeWork\" ><div class='av-inner-masonry-sizer'><\/div><figure class='av-inner-masonry main_color'><div class=\"av-masonry-outerimage-container\"><div class=\"av-masonry-image-container\" style=\"background-image: url(https:\/\/nam-k.fr\/wp-content\/uploads\/2020\/03\/Expo-IMPESANTEUR-LHEURE-TRIANGULAIRE-2011-Portrait-705x705.jpg);\" title=\"Expo IMPESANTEUR L&rsquo;HEURE TRIANGULAIRE 2011 Portrait\" ><\/div><\/div><figcaption class='av-inner-masonry-content site-background'><div class='av-inner-masonry-content-pos'><div class='av-inner-masonry-content-pos-content'><div class='avia-arrow'><\/div><h3 class='av-masonry-entry-title entry-title '  itemprop=\"headline\" >2011 &#8211; L&rsquo;HEURE TRIANGULAIRE IMPESANTEUR<\/h3><\/div><\/div><\/figcaption><\/figure><\/a><!--end av-masonry entry--><a href=\"https:\/\/nam-k.fr\/index.php\/portfolio-item\/abbaye-bouchemaine-impesanteur-2011\/\" id='av-masonry-1-item-795' data-av-masonry-item='795' class='av-masonry-entry isotope-item post-795 portfolio type-portfolio status-publish has-post-thumbnail hentry portfolio_entries-exposition  av-masonry-item-with-image av-grid-img' title=\"Expo IMPESANTEUR Abbaye BOUCHEMAINE 2011 Installation 10X2M\"  itemscope=\"itemscope\" itemtype=\"https:\/\/schema.org\/CreativeWork\" ><div class='av-inner-masonry-sizer'><\/div><figure class='av-inner-masonry main_color'><div class=\"av-masonry-outerimage-container\"><div class=\"av-masonry-image-container\" style=\"background-image: url(https:\/\/nam-k.fr\/wp-content\/uploads\/2020\/03\/Expo-IMPESANTEUR-Abbaye-BOUCHEMAINE-2011-Installation-10X2M-705x529.jpg);\" title=\"Expo IMPESANTEUR Abbaye BOUCHEMAINE 2011 Installation 10X2M\" ><\/div><\/div><figcaption class='av-inner-masonry-content site-background'><div class='av-inner-masonry-content-pos'><div class='av-inner-masonry-content-pos-content'><div class='avia-arrow'><\/div><h3 class='av-masonry-entry-title entry-title '  itemprop=\"headline\" >2011 &#8211; Abbaye BOUCHEMAINE IMPESANTEUR<\/h3><\/div><\/div><\/figcaption><\/figure><\/a><!--end av-masonry entry--><a href=\"https:\/\/nam-k.fr\/index.php\/portfolio-item\/2010-abbaye-st-florent-le-vieille\/\" id='av-masonry-1-item-449' data-av-masonry-item='449' class='av-masonry-entry isotope-item post-449 portfolio type-portfolio status-publish has-post-thumbnail hentry portfolio_entries-exposition  av-masonry-item-with-image av-grid-img' title=\"Expo St Florent le Vieille 2010 Monolithique 2\"  itemscope=\"itemscope\" itemtype=\"https:\/\/schema.org\/CreativeWork\" ><div class='av-inner-masonry-sizer'><\/div><figure class='av-inner-masonry main_color'><div class=\"av-masonry-outerimage-container\"><div class=\"av-masonry-image-container\" style=\"background-image: url(https:\/\/nam-k.fr\/wp-content\/uploads\/2014\/09\/Expo-St-Florent-le-Vieille-2010-Monolithique-2-1-705x470.jpg);\" title=\"Expo St Florent le Vieille 2010 Monolithique 2\" ><\/div><\/div><figcaption class='av-inner-masonry-content site-background'><div class='av-inner-masonry-content-pos'><div class='av-inner-masonry-content-pos-content'><div class='avia-arrow'><\/div><h3 class='av-masonry-entry-title entry-title '  itemprop=\"headline\" >2010 &#8211; Abbaye St Florent Le Vieille<\/h3><\/div><\/div><\/figcaption><\/figure><\/a><!--end av-masonry entry--><\/div><a class='av-masonry-pagination av-masonry-load-more' href='#load-more'  data-ids=''  data-action=''  data-link='portfolio_entries, 17'  data-post_type='post, page, attachment, revision, nav_menu_item, custom_css, customize_changeset, oembed_cache, user_request, wp_block, wp_template, wp_template_part, wp_global_styles, wp_navigation, wp_font_family, wp_font_face, portfolio, avia_framework_post'  data-items='9'  data-size='fixed masonry'  data-gap='large'  data-overlay_fx='active'  data-animation='active'  data-offset='0'  data-container_links='1'  data-container_class=''  data-paginate='load_more'  data-caption_elements='title'  data-caption_display='always'  data-caption_styling=''  data-wc_prod_visible=''  data-prod_order_by=''  data-prod_order=''  data-sort='no'  data-columns='3'  data-auto_ratio='1.7'  data-set_breadcrumb='1'  data-custom_markup=''  data-query_orderby='title'  data-query_order='DESC'  data-color=''  data-custom_bg=''  data-custom_class=''  data-orientation=''  data-date_filter=''  data-date_filter_start=''  data-date_filter_end=''  data-date_filter_format='yy\/mm\/dd'  data-id=''  data-taxonomy='portfolio_entries'  data-categories='17'  data-avno='a310b73b85'>Charger plus<\/a><\/div>\n","protected":false},"excerpt":{"rendered":"","protected":false},"author":1,"featured_media":0,"parent":0,"menu_order":0,"comment_status":"open","ping_status":"open","template":"","meta":{"footnotes":""},"class_list":["post-25","page","type-page","status-publish","hentry"],"yoast_head":"<!-- This site is optimized with the Yoast SEO plugin v24.9 - https:\/\/yoast.com\/wordpress\/plugins\/seo\/ -->\n<title>Expositions - nam-k.fr<\/title>\n<meta name=\"description\" content=\"Michel AIRAUD alias NAM est heureux de vous accueillir sur son site. Vous pourrez ainsi parcourir une partie de son travail et de ses oeuvres. Naturellement Amoureux du Monde, NAM , Artiste Plasticien natif de Cholet, vous souhaite une agr\u00e9able visite. A bient\u00f4t...\" \/>\n<meta name=\"robots\" content=\"index, follow, max-snippet:-1, max-image-preview:large, max-video-preview:-1\" \/>\n<link rel=\"canonical\" href=\"https:\/\/nam-k.fr\/index.php\/expositions-nam-artiste-plasticien-choletais\/\" \/>\n<meta property=\"og:locale\" content=\"fr_FR\" \/>\n<meta property=\"og:type\" content=\"article\" \/>\n<meta property=\"og:title\" content=\"Expositions - nam-k.fr\" \/>\n<meta property=\"og:description\" content=\"Michel AIRAUD alias NAM est heureux de vous accueillir sur son site. Vous pourrez ainsi parcourir une partie de son travail et de ses oeuvres. Naturellement Amoureux du Monde, NAM , Artiste Plasticien natif de Cholet, vous souhaite une agr\u00e9able visite. A bient\u00f4t...\" \/>\n<meta property=\"og:url\" content=\"https:\/\/nam-k.fr\/index.php\/expositions-nam-artiste-plasticien-choletais\/\" \/>\n<meta property=\"og:site_name\" content=\"nam-k.fr\" \/>\n<meta property=\"article:publisher\" content=\"https:\/\/www.facebook.com\/nam.airaud\" \/>\n<meta property=\"article:modified_time\" content=\"2022-04-27T15:09:26+00:00\" \/>\n<meta name=\"twitter:card\" content=\"summary_large_image\" \/>\n<meta name=\"twitter:label1\" content=\"Dur\u00e9e de lecture estim\u00e9e\" \/>\n\t<meta name=\"twitter:data1\" content=\"1 minute\" \/>\n<script type=\"application\/ld+json\" class=\"yoast-schema-graph\">{\"@context\":\"https:\/\/schema.org\",\"@graph\":[{\"@type\":\"WebPage\",\"@id\":\"https:\/\/nam-k.fr\/index.php\/expositions-nam-artiste-plasticien-choletais\/\",\"url\":\"https:\/\/nam-k.fr\/index.php\/expositions-nam-artiste-plasticien-choletais\/\",\"name\":\"Expositions - nam-k.fr\",\"isPartOf\":{\"@id\":\"https:\/\/nam-k.fr\/#website\"},\"datePublished\":\"2014-09-26T17:24:29+00:00\",\"dateModified\":\"2022-04-27T15:09:26+00:00\",\"description\":\"Michel AIRAUD alias NAM est heureux de vous accueillir sur son site. Vous pourrez ainsi parcourir une partie de son travail et de ses oeuvres. Naturellement Amoureux du Monde, NAM , Artiste Plasticien natif de Cholet, vous souhaite une agr\u00e9able visite. A bient\u00f4t...\",\"breadcrumb\":{\"@id\":\"https:\/\/nam-k.fr\/index.php\/expositions-nam-artiste-plasticien-choletais\/#breadcrumb\"},\"inLanguage\":\"fr-FR\",\"potentialAction\":[{\"@type\":\"ReadAction\",\"target\":[\"https:\/\/nam-k.fr\/index.php\/expositions-nam-artiste-plasticien-choletais\/\"]}]},{\"@type\":\"BreadcrumbList\",\"@id\":\"https:\/\/nam-k.fr\/index.php\/expositions-nam-artiste-plasticien-choletais\/#breadcrumb\",\"itemListElement\":[{\"@type\":\"ListItem\",\"position\":1,\"name\":\"Accueil\",\"item\":\"https:\/\/nam-k.fr\/\"},{\"@type\":\"ListItem\",\"position\":2,\"name\":\"Expositions\"}]},{\"@type\":\"WebSite\",\"@id\":\"https:\/\/nam-k.fr\/#website\",\"url\":\"https:\/\/nam-k.fr\/\",\"name\":\"nam-k.fr\",\"description\":\"Nam, Artiste Peintre Choletais\",\"publisher\":{\"@id\":\"https:\/\/nam-k.fr\/#organization\"},\"potentialAction\":[{\"@type\":\"SearchAction\",\"target\":{\"@type\":\"EntryPoint\",\"urlTemplate\":\"https:\/\/nam-k.fr\/?s={search_term_string}\"},\"query-input\":{\"@type\":\"PropertyValueSpecification\",\"valueRequired\":true,\"valueName\":\"search_term_string\"}}],\"inLanguage\":\"fr-FR\"},{\"@type\":\"Organization\",\"@id\":\"https:\/\/nam-k.fr\/#organization\",\"name\":\"NAM Artsite Plasticien\",\"url\":\"https:\/\/nam-k.fr\/\",\"logo\":{\"@type\":\"ImageObject\",\"inLanguage\":\"fr-FR\",\"@id\":\"https:\/\/nam-k.fr\/#\/schema\/logo\/image\/\",\"url\":\"https:\/\/nam-k.fr\/wp-content\/uploads\/2020\/03\/Logo-Nam-K.fr-1000X1000.jpg\",\"contentUrl\":\"https:\/\/nam-k.fr\/wp-content\/uploads\/2020\/03\/Logo-Nam-K.fr-1000X1000.jpg\",\"width\":1000,\"height\":1000,\"caption\":\"NAM Artsite Plasticien\"},\"image\":{\"@id\":\"https:\/\/nam-k.fr\/#\/schema\/logo\/image\/\"},\"sameAs\":[\"https:\/\/www.facebook.com\/nam.airaud\"]}]}<\/script>\n<!-- \/ Yoast SEO plugin. -->","yoast_head_json":{"title":"Expositions - nam-k.fr","description":"Michel AIRAUD alias NAM est heureux de vous accueillir sur son site. Vous pourrez ainsi parcourir une partie de son travail et de ses oeuvres. Naturellement Amoureux du Monde, NAM , Artiste Plasticien natif de Cholet, vous souhaite une agr\u00e9able visite. A bient\u00f4t...","robots":{"index":"index","follow":"follow","max-snippet":"max-snippet:-1","max-image-preview":"max-image-preview:large","max-video-preview":"max-video-preview:-1"},"canonical":"https:\/\/nam-k.fr\/index.php\/expositions-nam-artiste-plasticien-choletais\/","og_locale":"fr_FR","og_type":"article","og_title":"Expositions - nam-k.fr","og_description":"Michel AIRAUD alias NAM est heureux de vous accueillir sur son site. Vous pourrez ainsi parcourir une partie de son travail et de ses oeuvres. Naturellement Amoureux du Monde, NAM , Artiste Plasticien natif de Cholet, vous souhaite une agr\u00e9able visite. A bient\u00f4t...","og_url":"https:\/\/nam-k.fr\/index.php\/expositions-nam-artiste-plasticien-choletais\/","og_site_name":"nam-k.fr","article_publisher":"https:\/\/www.facebook.com\/nam.airaud","article_modified_time":"2022-04-27T15:09:26+00:00","twitter_card":"summary_large_image","twitter_misc":{"Dur\u00e9e de lecture estim\u00e9e":"1 minute"},"schema":{"@context":"https:\/\/schema.org","@graph":[{"@type":"WebPage","@id":"https:\/\/nam-k.fr\/index.php\/expositions-nam-artiste-plasticien-choletais\/","url":"https:\/\/nam-k.fr\/index.php\/expositions-nam-artiste-plasticien-choletais\/","name":"Expositions - nam-k.fr","isPartOf":{"@id":"https:\/\/nam-k.fr\/#website"},"datePublished":"2014-09-26T17:24:29+00:00","dateModified":"2022-04-27T15:09:26+00:00","description":"Michel AIRAUD alias NAM est heureux de vous accueillir sur son site. Vous pourrez ainsi parcourir une partie de son travail et de ses oeuvres. Naturellement Amoureux du Monde, NAM , Artiste Plasticien natif de Cholet, vous souhaite une agr\u00e9able visite. A bient\u00f4t...","breadcrumb":{"@id":"https:\/\/nam-k.fr\/index.php\/expositions-nam-artiste-plasticien-choletais\/#breadcrumb"},"inLanguage":"fr-FR","potentialAction":[{"@type":"ReadAction","target":["https:\/\/nam-k.fr\/index.php\/expositions-nam-artiste-plasticien-choletais\/"]}]},{"@type":"BreadcrumbList","@id":"https:\/\/nam-k.fr\/index.php\/expositions-nam-artiste-plasticien-choletais\/#breadcrumb","itemListElement":[{"@type":"ListItem","position":1,"name":"Accueil","item":"https:\/\/nam-k.fr\/"},{"@type":"ListItem","position":2,"name":"Expositions"}]},{"@type":"WebSite","@id":"https:\/\/nam-k.fr\/#website","url":"https:\/\/nam-k.fr\/","name":"nam-k.fr","description":"Nam, Artiste Peintre Choletais","publisher":{"@id":"https:\/\/nam-k.fr\/#organization"},"potentialAction":[{"@type":"SearchAction","target":{"@type":"EntryPoint","urlTemplate":"https:\/\/nam-k.fr\/?s={search_term_string}"},"query-input":{"@type":"PropertyValueSpecification","valueRequired":true,"valueName":"search_term_string"}}],"inLanguage":"fr-FR"},{"@type":"Organization","@id":"https:\/\/nam-k.fr\/#organization","name":"NAM Artsite Plasticien","url":"https:\/\/nam-k.fr\/","logo":{"@type":"ImageObject","inLanguage":"fr-FR","@id":"https:\/\/nam-k.fr\/#\/schema\/logo\/image\/","url":"https:\/\/nam-k.fr\/wp-content\/uploads\/2020\/03\/Logo-Nam-K.fr-1000X1000.jpg","contentUrl":"https:\/\/nam-k.fr\/wp-content\/uploads\/2020\/03\/Logo-Nam-K.fr-1000X1000.jpg","width":1000,"height":1000,"caption":"NAM Artsite Plasticien"},"image":{"@id":"https:\/\/nam-k.fr\/#\/schema\/logo\/image\/"},"sameAs":["https:\/\/www.facebook.com\/nam.airaud"]}]}},"_links":{"self":[{"href":"https:\/\/nam-k.fr\/index.php\/wp-json\/wp\/v2\/pages\/25","targetHints":{"allow":["GET"]}}],"collection":[{"href":"https:\/\/nam-k.fr\/index.php\/wp-json\/wp\/v2\/pages"}],"about":[{"href":"https:\/\/nam-k.fr\/index.php\/wp-json\/wp\/v2\/types\/page"}],"author":[{"embeddable":true,"href":"https:\/\/nam-k.fr\/index.php\/wp-json\/wp\/v2\/users\/1"}],"replies":[{"embeddable":true,"href":"https:\/\/nam-k.fr\/index.php\/wp-json\/wp\/v2\/comments?post=25"}],"version-history":[{"count":9,"href":"https:\/\/nam-k.fr\/index.php\/wp-json\/wp\/v2\/pages\/25\/revisions"}],"predecessor-version":[{"id":959,"href":"https:\/\/nam-k.fr\/index.php\/wp-json\/wp\/v2\/pages\/25\/revisions\/959"}],"wp:attachment":[{"href":"https:\/\/nam-k.fr\/index.php\/wp-json\/wp\/v2\/media?parent=25"}],"curies":[{"name":"wp","href":"https:\/\/api.w.org\/{rel}","templated":true}]}}