{"id":23,"date":"2014-09-26T17:23:42","date_gmt":"2014-09-26T17:23:42","guid":{"rendered":"http:\/\/192.168.1.104\/enfold-photography\/?page_id=23"},"modified":"2022-02-17T09:02:50","modified_gmt":"2022-02-17T09:02:50","slug":"contact-nam-artiste-plasticien-choletais","status":"publish","type":"page","link":"https:\/\/nam-k.fr\/index.php\/contact-nam-artiste-plasticien-choletais\/","title":{"rendered":"Contact"},"content":{"rendered":"<div class=\"flex_column av_two_third  flex_column_div av-zero-column-padding first  avia-builder-el-0  avia-builder-el-no-sibling  \" style='border-radius:0px; '><form action=\"https:\/\/nam-k.fr\/index.php\/contact-nam-artiste-plasticien-choletais\/\" method=\"post\"  class=\"avia_ajax_form av-form-labels-visible   avia-builder-el-1  avia-builder-el-no-sibling   \" data-avia-form-id=\"1\" data-avia-redirect='' ><h3 class=''>Besoin d\u2019un renseignement : Contactez-moi<\/h3><fieldset><p class='  first_form  form_element form_fullwidth' id='element_avia_1_1'><label for=\"avia_1_1\">Nom <abbr class=\"required\" title=\"requis\">*<\/abbr><\/label> <input name=\"avia_1_1\" class=\"text_input is_empty\" type=\"text\" id=\"avia_1_1\" value=\"\" \/><\/p><p class='  first_form  form_element form_fullwidth' id='element_avia_2_1'><label for=\"avia_2_1\">Adresse mail <abbr class=\"required\" title=\"requis\">*<\/abbr><\/label> <input name=\"avia_2_1\" class=\"text_input is_email\" type=\"text\" id=\"avia_2_1\" value=\"\" \/><\/p><p class='  first_form  form_element form_fullwidth' id='element_avia_3_1'><label for=\"avia_3_1\">Sujet <abbr class=\"required\" title=\"requis\">*<\/abbr><\/label> <input name=\"avia_3_1\" class=\"text_input is_empty\" type=\"text\" id=\"avia_3_1\" value=\"\" \/><\/p><p class='  first_form  form_element form_fullwidth' id='element_avia_4_1'><label for=\"avia_4_1\" class=\"textare_label hidden textare_label_avia_4_1\">Message <abbr class=\"required\" title=\"requis\">*<\/abbr><\/label><textarea  name=\"avia_4_1\" class=\"text_area is_empty\" cols=\"40\" rows=\"7\" id=\"avia_4_1\" ><\/textarea><\/p><p class=\"hidden\"><input type=\"text\" name=\"avia_5_1\" class=\"hidden \" id=\"avia_5_1\" value=\"\" \/><\/p><p class='   form_element form_fullwidth' id='element_avia_6_1'><span class='value_verifier_label'>3 + 0 = ?<\/span><input name=\"avia_6_1_verifier\" type=\"hidden\" id=\"avia_6_1_verifier\" value=\"247731346\"\/><label for=\"avia_6_1\">Pour prouver que vous \u00eates un humain, donnez le r\u00e9sultat de cette simple op\u00e9ration <abbr class=\"required\" title=\"requis\">*<\/abbr><\/label><input name=\"avia_6_1\" class=\"text_input captcha\" type=\"text\" id=\"avia_6_1\" value=\"\"\/><\/p><p class=\"form_element \"><input type=\"hidden\" value=\"1\" name=\"avia_generated_form1\" \/><input type=\"submit\" value=\"Valider\" class=\"button\"  data-sending-label=\"Envoi\"\/><\/p><\/fieldset><\/form><div id=\"ajaxresponse_1\" class=\"ajaxresponse ajaxresponse_1 hidden\"><\/div><\/div>\n","protected":false},"excerpt":{"rendered":"","protected":false},"author":1,"featured_media":0,"parent":0,"menu_order":0,"comment_status":"open","ping_status":"open","template":"","meta":{"footnotes":""},"class_list":["post-23","page","type-page","status-publish","hentry"],"yoast_head":"<!-- This site is optimized with the Yoast SEO plugin v24.9 - https:\/\/yoast.com\/wordpress\/plugins\/seo\/ -->\n<title>Contact - nam-k.fr<\/title>\n<meta name=\"description\" content=\"Michel AIRAUD alias NAM est heureux de vous accueillir sur son site. Vous pourrez ainsi parcourir une partie de son travail et de ses oeuvres. Naturellement Amoureux du Monde, NAM , Artiste Plasticien natif de Cholet, vous souhaite une agr\u00e9able visite. A bient\u00f4t...\" \/>\n<meta name=\"robots\" content=\"index, follow, max-snippet:-1, max-image-preview:large, max-video-preview:-1\" \/>\n<link rel=\"canonical\" href=\"https:\/\/nam-k.fr\/index.php\/contact-nam-artiste-plasticien-choletais\/\" \/>\n<meta property=\"og:locale\" content=\"fr_FR\" \/>\n<meta property=\"og:type\" content=\"article\" \/>\n<meta property=\"og:title\" content=\"Contact - nam-k.fr\" \/>\n<meta property=\"og:description\" content=\"Michel AIRAUD alias NAM est heureux de vous accueillir sur son site. Vous pourrez ainsi parcourir une partie de son travail et de ses oeuvres. Naturellement Amoureux du Monde, NAM , Artiste Plasticien natif de Cholet, vous souhaite une agr\u00e9able visite. A bient\u00f4t...\" \/>\n<meta property=\"og:url\" content=\"https:\/\/nam-k.fr\/index.php\/contact-nam-artiste-plasticien-choletais\/\" \/>\n<meta property=\"og:site_name\" content=\"nam-k.fr\" \/>\n<meta property=\"article:publisher\" content=\"https:\/\/www.facebook.com\/nam.airaud\" \/>\n<meta property=\"article:modified_time\" content=\"2022-02-17T09:02:50+00:00\" \/>\n<meta name=\"twitter:card\" content=\"summary_large_image\" \/>\n<meta name=\"twitter:label1\" content=\"Dur\u00e9e de lecture estim\u00e9e\" \/>\n\t<meta name=\"twitter:data1\" content=\"1 minute\" \/>\n<script type=\"application\/ld+json\" class=\"yoast-schema-graph\">{\"@context\":\"https:\/\/schema.org\",\"@graph\":[{\"@type\":\"WebPage\",\"@id\":\"https:\/\/nam-k.fr\/index.php\/contact-nam-artiste-plasticien-choletais\/\",\"url\":\"https:\/\/nam-k.fr\/index.php\/contact-nam-artiste-plasticien-choletais\/\",\"name\":\"Contact - nam-k.fr\",\"isPartOf\":{\"@id\":\"https:\/\/nam-k.fr\/#website\"},\"datePublished\":\"2014-09-26T17:23:42+00:00\",\"dateModified\":\"2022-02-17T09:02:50+00:00\",\"description\":\"Michel AIRAUD alias NAM est heureux de vous accueillir sur son site. Vous pourrez ainsi parcourir une partie de son travail et de ses oeuvres. Naturellement Amoureux du Monde, NAM , Artiste Plasticien natif de Cholet, vous souhaite une agr\u00e9able visite. A bient\u00f4t...\",\"breadcrumb\":{\"@id\":\"https:\/\/nam-k.fr\/index.php\/contact-nam-artiste-plasticien-choletais\/#breadcrumb\"},\"inLanguage\":\"fr-FR\",\"potentialAction\":[{\"@type\":\"ReadAction\",\"target\":[\"https:\/\/nam-k.fr\/index.php\/contact-nam-artiste-plasticien-choletais\/\"]}]},{\"@type\":\"BreadcrumbList\",\"@id\":\"https:\/\/nam-k.fr\/index.php\/contact-nam-artiste-plasticien-choletais\/#breadcrumb\",\"itemListElement\":[{\"@type\":\"ListItem\",\"position\":1,\"name\":\"Accueil\",\"item\":\"https:\/\/nam-k.fr\/\"},{\"@type\":\"ListItem\",\"position\":2,\"name\":\"Contact\"}]},{\"@type\":\"WebSite\",\"@id\":\"https:\/\/nam-k.fr\/#website\",\"url\":\"https:\/\/nam-k.fr\/\",\"name\":\"nam-k.fr\",\"description\":\"Nam, Artiste Peintre Choletais\",\"publisher\":{\"@id\":\"https:\/\/nam-k.fr\/#organization\"},\"potentialAction\":[{\"@type\":\"SearchAction\",\"target\":{\"@type\":\"EntryPoint\",\"urlTemplate\":\"https:\/\/nam-k.fr\/?s={search_term_string}\"},\"query-input\":{\"@type\":\"PropertyValueSpecification\",\"valueRequired\":true,\"valueName\":\"search_term_string\"}}],\"inLanguage\":\"fr-FR\"},{\"@type\":\"Organization\",\"@id\":\"https:\/\/nam-k.fr\/#organization\",\"name\":\"NAM Artsite Plasticien\",\"url\":\"https:\/\/nam-k.fr\/\",\"logo\":{\"@type\":\"ImageObject\",\"inLanguage\":\"fr-FR\",\"@id\":\"https:\/\/nam-k.fr\/#\/schema\/logo\/image\/\",\"url\":\"https:\/\/nam-k.fr\/wp-content\/uploads\/2020\/03\/Logo-Nam-K.fr-1000X1000.jpg\",\"contentUrl\":\"https:\/\/nam-k.fr\/wp-content\/uploads\/2020\/03\/Logo-Nam-K.fr-1000X1000.jpg\",\"width\":1000,\"height\":1000,\"caption\":\"NAM Artsite Plasticien\"},\"image\":{\"@id\":\"https:\/\/nam-k.fr\/#\/schema\/logo\/image\/\"},\"sameAs\":[\"https:\/\/www.facebook.com\/nam.airaud\"]}]}<\/script>\n<!-- \/ Yoast SEO plugin. -->","yoast_head_json":{"title":"Contact - nam-k.fr","description":"Michel AIRAUD alias NAM est heureux de vous accueillir sur son site. Vous pourrez ainsi parcourir une partie de son travail et de ses oeuvres. Naturellement Amoureux du Monde, NAM , Artiste Plasticien natif de Cholet, vous souhaite une agr\u00e9able visite. A bient\u00f4t...","robots":{"index":"index","follow":"follow","max-snippet":"max-snippet:-1","max-image-preview":"max-image-preview:large","max-video-preview":"max-video-preview:-1"},"canonical":"https:\/\/nam-k.fr\/index.php\/contact-nam-artiste-plasticien-choletais\/","og_locale":"fr_FR","og_type":"article","og_title":"Contact - nam-k.fr","og_description":"Michel AIRAUD alias NAM est heureux de vous accueillir sur son site. Vous pourrez ainsi parcourir une partie de son travail et de ses oeuvres. Naturellement Amoureux du Monde, NAM , Artiste Plasticien natif de Cholet, vous souhaite une agr\u00e9able visite. A bient\u00f4t...","og_url":"https:\/\/nam-k.fr\/index.php\/contact-nam-artiste-plasticien-choletais\/","og_site_name":"nam-k.fr","article_publisher":"https:\/\/www.facebook.com\/nam.airaud","article_modified_time":"2022-02-17T09:02:50+00:00","twitter_card":"summary_large_image","twitter_misc":{"Dur\u00e9e de lecture estim\u00e9e":"1 minute"},"schema":{"@context":"https:\/\/schema.org","@graph":[{"@type":"WebPage","@id":"https:\/\/nam-k.fr\/index.php\/contact-nam-artiste-plasticien-choletais\/","url":"https:\/\/nam-k.fr\/index.php\/contact-nam-artiste-plasticien-choletais\/","name":"Contact - nam-k.fr","isPartOf":{"@id":"https:\/\/nam-k.fr\/#website"},"datePublished":"2014-09-26T17:23:42+00:00","dateModified":"2022-02-17T09:02:50+00:00","description":"Michel AIRAUD alias NAM est heureux de vous accueillir sur son site. Vous pourrez ainsi parcourir une partie de son travail et de ses oeuvres. Naturellement Amoureux du Monde, NAM , Artiste Plasticien natif de Cholet, vous souhaite une agr\u00e9able visite. A bient\u00f4t...","breadcrumb":{"@id":"https:\/\/nam-k.fr\/index.php\/contact-nam-artiste-plasticien-choletais\/#breadcrumb"},"inLanguage":"fr-FR","potentialAction":[{"@type":"ReadAction","target":["https:\/\/nam-k.fr\/index.php\/contact-nam-artiste-plasticien-choletais\/"]}]},{"@type":"BreadcrumbList","@id":"https:\/\/nam-k.fr\/index.php\/contact-nam-artiste-plasticien-choletais\/#breadcrumb","itemListElement":[{"@type":"ListItem","position":1,"name":"Accueil","item":"https:\/\/nam-k.fr\/"},{"@type":"ListItem","position":2,"name":"Contact"}]},{"@type":"WebSite","@id":"https:\/\/nam-k.fr\/#website","url":"https:\/\/nam-k.fr\/","name":"nam-k.fr","description":"Nam, Artiste Peintre Choletais","publisher":{"@id":"https:\/\/nam-k.fr\/#organization"},"potentialAction":[{"@type":"SearchAction","target":{"@type":"EntryPoint","urlTemplate":"https:\/\/nam-k.fr\/?s={search_term_string}"},"query-input":{"@type":"PropertyValueSpecification","valueRequired":true,"valueName":"search_term_string"}}],"inLanguage":"fr-FR"},{"@type":"Organization","@id":"https:\/\/nam-k.fr\/#organization","name":"NAM Artsite Plasticien","url":"https:\/\/nam-k.fr\/","logo":{"@type":"ImageObject","inLanguage":"fr-FR","@id":"https:\/\/nam-k.fr\/#\/schema\/logo\/image\/","url":"https:\/\/nam-k.fr\/wp-content\/uploads\/2020\/03\/Logo-Nam-K.fr-1000X1000.jpg","contentUrl":"https:\/\/nam-k.fr\/wp-content\/uploads\/2020\/03\/Logo-Nam-K.fr-1000X1000.jpg","width":1000,"height":1000,"caption":"NAM Artsite Plasticien"},"image":{"@id":"https:\/\/nam-k.fr\/#\/schema\/logo\/image\/"},"sameAs":["https:\/\/www.facebook.com\/nam.airaud"]}]}},"_links":{"self":[{"href":"https:\/\/nam-k.fr\/index.php\/wp-json\/wp\/v2\/pages\/23","targetHints":{"allow":["GET"]}}],"collection":[{"href":"https:\/\/nam-k.fr\/index.php\/wp-json\/wp\/v2\/pages"}],"about":[{"href":"https:\/\/nam-k.fr\/index.php\/wp-json\/wp\/v2\/types\/page"}],"author":[{"embeddable":true,"href":"https:\/\/nam-k.fr\/index.php\/wp-json\/wp\/v2\/users\/1"}],"replies":[{"embeddable":true,"href":"https:\/\/nam-k.fr\/index.php\/wp-json\/wp\/v2\/comments?post=23"}],"version-history":[{"count":8,"href":"https:\/\/nam-k.fr\/index.php\/wp-json\/wp\/v2\/pages\/23\/revisions"}],"predecessor-version":[{"id":941,"href":"https:\/\/nam-k.fr\/index.php\/wp-json\/wp\/v2\/pages\/23\/revisions\/941"}],"wp:attachment":[{"href":"https:\/\/nam-k.fr\/index.php\/wp-json\/wp\/v2\/media?parent=23"}],"curies":[{"name":"wp","href":"https:\/\/api.w.org\/{rel}","templated":true}]}}