{"id":21,"date":"2014-09-26T17:23:32","date_gmt":"2014-09-26T17:23:32","guid":{"rendered":"http:\/\/192.168.1.104\/enfold-photography\/?page_id=21"},"modified":"2020-04-10T15:38:34","modified_gmt":"2020-04-10T15:38:34","slug":"demarche-nam-artiste-plasticien-choletais","status":"publish","type":"page","link":"https:\/\/nam-k.fr\/index.php\/demarche-nam-artiste-plasticien-choletais\/","title":{"rendered":"D\u00e9marche"},"content":{"rendered":"<div id='full_slider_1'  class='avia-fullwidth-slider main_color avia-shadow   avia-builder-el-0  el_before_av_layout_row  avia-builder-el-first   container_wrap fullsize' style=' '  ><div   data-size='featured_large'  data-lightbox_size='large'  data-animation='fade'  data-conditional_play=''  data-ids='669,670,672'  data-video_counter='0'  data-autoplay='true'  data-bg_slider='false'  data-slide_height=''  data-handle='av_slideshow_full'  data-interval='4'  data-class=' '  data-el_id=''  data-css_id=''  data-scroll_down=''  data-control_layout='av-control-default'  data-custom_markup=''  data-perma_caption=''  data-autoplay_stopper=''  data-image_attachment=''  data-min_height='0px'  data-src=''  data-position='top left'  data-repeat='no-repeat'  data-attach='scroll'  data-stretch=''  data-default-height='42'  class='avia-slideshow avia-slideshow-1  av-control-default av-default-height-applied avia-slideshow-featured_large av_slideshow_full   avia-fade-slider '  itemprop=\"image\" itemscope=\"itemscope\" itemtype=\"https:\/\/schema.org\/ImageObject\" ><ul class='avia-slideshow-inner ' style='padding-bottom: 45%;' ><li  class=' slide-1 ' ><div data-rel='slideshow-1' class='avia-slide-wrap '   ><div class = \"caption_fullwidth av-slideshow-caption caption_right\"><div class = \"container caption_container\"><div class = \"slideshow_caption\"><div class = \"slideshow_inner_caption\"><div class = \"slideshow_align_caption\"><h2  class='avia-caption-title  '  itemprop=\"name\" >NAM<\/h2><div class='avia-caption-content  '  itemprop=\"description\"  ><p>Naturellement Amoureux du Monde<\/p>\n<\/div><\/div><\/div><\/div><\/div><\/div><img src='https:\/\/nam-k.fr\/wp-content\/uploads\/2020\/03\/Slider-1-Demarche-1280X576.jpg' width='1280' height='576' title='Slider 1 Demarche 1280X576' alt=''  itemprop=\"thumbnailUrl\"   \/><\/div><\/li><li  class=' slide-2 ' ><div data-rel='slideshow-1' class='avia-slide-wrap '   ><div class = \"caption_fullwidth av-slideshow-caption caption_right\"><div class = \"container caption_container\"><div class = \"slideshow_caption\"><div class = \"slideshow_inner_caption\"><div class = \"slideshow_align_caption\"><h2  class='avia-caption-title  '  itemprop=\"name\" >NAM<\/h2><div class='avia-caption-content  '  itemprop=\"description\"  ><p>Naturellement Amoureux du Monde<\/p>\n<\/div><\/div><\/div><\/div><\/div><\/div><img src='https:\/\/nam-k.fr\/wp-content\/uploads\/2020\/03\/Slider-2-Demarche-1280X576.jpg' width='1280' height='576' title='Slider 2 Demarche 1280X576' alt=''  itemprop=\"thumbnailUrl\"   \/><\/div><\/li><li  class=' slide-3 ' ><div data-rel='slideshow-1' class='avia-slide-wrap '   ><div class = \"caption_fullwidth av-slideshow-caption caption_right\"><div class = \"container caption_container\"><div class = \"slideshow_caption\"><div class = \"slideshow_inner_caption\"><div class = \"slideshow_align_caption\"><h2  class='avia-caption-title  '  itemprop=\"name\" >NAM<\/h2><div class='avia-caption-content  '  itemprop=\"description\"  ><p>Naturellement Amoureux du Monde<\/p>\n<\/div><\/div><\/div><\/div><\/div><\/div><img src='https:\/\/nam-k.fr\/wp-content\/uploads\/2020\/03\/Slider-3-Demarche-1280X576.jpg' width='1280' height='576' title='Slider 3 Demarche 1280X576' alt=''  itemprop=\"thumbnailUrl\"   \/><\/div><\/li><\/ul><div class='avia-slideshow-arrows avia-slideshow-controls'><a href='#prev' class='prev-slide' aria-hidden='true' data-av_icon='\ue87c' data-av_iconfont='entypo-fontello'>Pr\u00e9c\u00e9dent<\/a><a href='#next' class='next-slide' aria-hidden='true' data-av_icon='\ue87d' data-av_iconfont='entypo-fontello'>Suivant<\/a><\/div><div class='avia-slideshow-dots avia-slideshow-controls'><a href='#1' class='goto-slide active' >1<\/a><a href='#2' class='goto-slide ' >2<\/a><a href='#3' class='goto-slide ' >3<\/a><\/div><\/div><\/div>\n<div id='av-layout-grid-1'  class='av-layout-grid-container entry-content-wrapper main_color av-flex-cells     avia-builder-el-1  el_after_av_slideshow_full  el_before_av_layout_row  submenu-not-first container_wrap fullsize' style=' '  >\n<div class=\"flex_cell no_margin av_one_third  avia-builder-el-2  el_before_av_cell_one_third  avia-builder-el-first   \" style='vertical-align:top; padding:30px; '><div class='flex_cell_inner' ><p><div  style='padding-bottom:10px; ' class='av-special-heading av-special-heading-h3    avia-builder-el-3  el_before_av_textblock  avia-builder-el-first  '><h3 class='av-special-heading-tag '  itemprop=\"headline\"  >Portrait<\/h3><div class='special-heading-border'><div class='special-heading-inner-border' ><\/div><\/div><\/div><br \/>\n<section class=\"av_textblock_section \"  itemscope=\"itemscope\" itemtype=\"https:\/\/schema.org\/CreativeWork\" ><div class='avia_textblock  '   itemprop=\"text\" ><p style=\"text-align: left;\">NAM ( Michel AIRAUD ) est n\u00e9 \u00e0 Cholet le 25 janvier 1960, ou il vit et travaille toujours. Sa v\u00e9ritable\u00a0entr\u00e9e dans le monde de l&rsquo; art remonte \u00e0 2000. L&rsquo;univers de NAM, tr\u00e8s autobiographique dans sa\u00a0dynamique profonde, s&rsquo;inscrit cependant dans une forte aspiration \u00e0 l&rsquo;universel. NAM n&rsquo;est-il pas\u00a0l&rsquo;acronyme de MAN ? Son \u00ab humanisme \u00bb le conduit logiquement \u00e0 privil\u00e9gier des formes tr\u00e8s\u00a0simples ( le segment de droite, le cercle, le carr\u00e9) et des pigments limit\u00e9s aux ocres de la Terre\u00a0et aux noirs mats ou brillants, relev\u00e9s seulement par quelques interventions plus color\u00e9es. Des\u00a0grattages dans la profondeur des couches picturales renforcent l&rsquo;impression de travail sur une\u00a0mati\u00e8re en devenir . Ces choix sont imm\u00e9diatement perceptibles dans ses accrochages. Ils sont\u00a0rendus encore plus significatifs lorsqu&rsquo;il peut y adjoindre , comme il le fait souvent depuis deux\u00a0ans,une projection num\u00e9rique tr\u00e8s fantasmatique, encore que l&rsquo;allusion y domine toute l&rsquo;\u00e9criture!\u00a0Elle est toujours rythm\u00e9e par une bande sonore de son complice Olive , qui peut atteindre une\u00a0violence \u00e0 r\u00e9veiller des morts, quand il le faut. Difficille de rester indiff\u00e9rent !<\/p>\n<p><strong>J.P ARNAUD<\/strong><\/p>\n<\/div><\/section><\/p>\n<\/div><\/div><div class=\"flex_cell no_margin av_one_third  avia-builder-el-5  el_after_av_cell_one_third  el_before_av_cell_one_third   \" style='vertical-align:top; padding:30px; background-color:#f7f7f7; '><div class='flex_cell_inner' ><p><div  style='padding-bottom:10px; ' class='av-special-heading av-special-heading-h3    avia-builder-el-6  el_before_av_textblock  avia-builder-el-first  '><h3 class='av-special-heading-tag '  itemprop=\"headline\"  >D\u00e9marche<\/h3><div class='special-heading-border'><div class='special-heading-inner-border' ><\/div><\/div><\/div><br \/>\n<section class=\"av_textblock_section \"  itemscope=\"itemscope\" itemtype=\"https:\/\/schema.org\/CreativeWork\" ><div class='avia_textblock  '   itemprop=\"text\" ><p>Certains artistes dans un corps \u00e0 corps avec les mat\u00e9riaux de leur expression arrivent \u00e0 les soumettre.Ce sont des guerriers pour qui l&rsquo; art est un combat, l\u2019oeuvre lamise au monde telle que pr\u00e9d\u00e9finie de la peinture, de la langue, du marbre, des sons&#8230;\u00a0D&rsquo;autres pratiquent un corps \u00e0 corps plus \u00e9rotique, plus amoureux. Leur expression\u00a0est une osmose, une rencontre respectueuse et complice avec la mati\u00e8re premi\u00e8re\u00a0de leur art et leur cr\u00e9ation&#8230;\u00a0Nam est de ceux ci, sachant que sont travail utilise, outre les pigments, la terre, le\u00a0m\u00e9tal..certains symboles ( formes g\u00e9om\u00e9triques simples et parfaites des cercles,\u00a0carr\u00e9s triangles \u00e9quilat\u00e9raux ) communs \u00e0 toute l&rsquo; humanit\u00e9.\u00a0Nul besoin de dominer chez lui, mais celui de comprendre, au sens \u00e9tymologique de\u00a0prendre avec. Nul besoin de casser, de caser mais celui de progresser dans le respect\u00a0profond des mat\u00e9riaux utilis\u00e9s. Respect de la terre d&rsquo;abord, de cette terre primitive et\u00a0des fruits de ses entrailles .D\u2019o\u00f9 ces couleurs, brunes et noires. Terre, m\u00e8re, nuit. Terre\u00a0non pas qui qui emprisonne, mais qui enfante, qui engendre.<span class=\"Apple-converted-space\">\u00a0<\/span><\/p>\n<p><strong>ALAIN KATZ<\/strong><\/p>\n<\/div><\/section><\/p>\n<\/div><\/div><div class=\"flex_cell no_margin av_one_third  avia-builder-el-8  el_after_av_cell_one_third  avia-builder-el-last   \" style='vertical-align:top; padding:30px; background-color:#eaeaea; '><div class='flex_cell_inner' ><p><div  style='padding-bottom:10px; ' class='av-special-heading av-special-heading-h3    avia-builder-el-9  el_before_av_textblock  avia-builder-el-first  '><h3 class='av-special-heading-tag '  itemprop=\"headline\"  >Introspective<\/h3><div class='special-heading-border'><div class='special-heading-inner-border' ><\/div><\/div><\/div><br \/>\n<section class=\"av_textblock_section \"  itemscope=\"itemscope\" itemtype=\"https:\/\/schema.org\/CreativeWork\" ><div class='avia_textblock  '   itemprop=\"text\" ><p>Car de cette\u00a0base primitive, primordiale na\u00eet le besoin d\u2019\u00e9l\u00e9vation. La terre n&rsquo;est pas une tombe,\u00a0sinon celle de la graine qui&rsquo; meurt afin de germer, de se dresser petit \u00e0 petit vers le\u00a0soleil.\u00a0Au carr\u00e9 la Tradition, repr\u00e9sente notre plan\u00e8te, au rond tout inscrit dans le\u00a0f\u00e9minin de la gestation, mais aussi dans l&rsquo;immuable, r\u00e9pond le triangle qui pointe\u00a0vers le ciel.\u00a0Symboles universels ,qui traversent toutes les \u00e9poques, toutes les cultures.Des symboles quis&rsquo;affirment ici sans confirmer ni infirmer. Nam n&rsquo;est pas un guerrier, un dompteur qui veut enr\u00e9gimenter le symbole, lui imposer un sens unique, un discours (explicite ou implicite pour quelques initi\u00e9s).Non ! Il sait d&rsquo;instinct que, si le symbole perd\u00a0de sa polys\u00e9mie, il ne devient qu&rsquo;un pictogramme, aussi pauvre en sens qu\u2019une croix\u00a0sur un panneau de signalisation routi\u00e8re, par exemple.ll sait d&rsquo;instinct que le symbole\u00a0est ce qui r\u00e9unit, comme le diable est ce qui divise.Et, je le r\u00e9p\u00e8te, le corps \u00e0 corps\u00a0de Nam avec la peinture et le sens, n\u2019est pas celui du militaire, mais de l&rsquo;amant qui n&rsquo;a\u00a0rien \u00e0 prouver, qui n&rsquo;a rien \u00e0 prendre mais tout \u00e0 comprendre, qui n&rsquo;a rien \u00e0 d\u00e9faire et\u00a0tout \u00e0 parfaire, d\u2019o\u00f9, sans doute, cette constante \u00e9volution vers la simplicit\u00e9.<\/p>\n<p><strong>ALAIN KATZ<\/strong><\/p>\n<\/div><\/section><\/p>\n<\/div><\/div>\n<\/div>\n<div id='av-layout-grid-2'  class='av-layout-grid-container entry-content-wrapper main_color av-flex-cells     avia-builder-el-11  el_after_av_layout_row  el_before_av_layout_row  submenu-not-first container_wrap fullsize' style=' '  >\n<a class=\"av-screen-reader-only\" href=https:\/\/nam-k.fr\/index.php\/galerie-nam-artiste-plasticien-choletais\/ >Le site internet:Galerie<\/a><div class=\"flex_cell no_margin av_one_half  avia-builder-el-12  el_before_av_cell_one_half  avia-builder-el-first   avia-full-stretch avia-link-column av-cell-link avia-link-column-hover \" style='height:400px; min-height:400px;background:url(https:\/\/nam-k.fr\/wp-content\/uploads\/2020\/03\/Matrice-60X60cm-T.Mixte-Par-NAM-300x300.jpg) center center no-repeat scroll; vertical-align:top; padding:30px; ' data-link-column-url=\"https:\/\/nam-k.fr\/index.php\/galerie-nam-artiste-plasticien-choletais\/\" ><div class='flex_cell_inner' ><\/div><\/div><a class=\"av-screen-reader-only\" href=https:\/\/nam-k.fr\/index.php\/expositions-nam-artiste-plasticien-choletais\/ >Le site internet:Expositions<\/a><div class=\"flex_cell no_margin av_one_half  avia-builder-el-13  el_after_av_cell_one_half  avia-builder-el-last   avia-full-stretch avia-link-column av-cell-link avia-link-column-hover \" style='height:400px; min-height:400px;background:url(https:\/\/nam-k.fr\/wp-content\/uploads\/2020\/02\/Expo-1-Nam-K.fr-845x352-1.jpg) center center no-repeat scroll; vertical-align:top; padding:30px; ' data-link-column-url=\"https:\/\/nam-k.fr\/index.php\/expositions-nam-artiste-plasticien-choletais\/\" ><div class='flex_cell_inner' ><\/div><\/div><\/div><div id='av-layout-grid-3'  class='av-layout-grid-container entry-content-wrapper main_color av-flex-cells     avia-builder-el-14  el_after_av_layout_row  avia-builder-el-last  submenu-not-first container_wrap fullsize' style=' '  >\n<a class=\"av-screen-reader-only\" href=https:\/\/nam-k.fr\/index.php\/galerie-nam-artiste-plasticien-choletais\/ >Le site internet:Galerie<\/a><div class=\"flex_cell no_margin av_one_half  avia-builder-el-15  el_before_av_cell_one_half  avia-builder-el-first   avia-link-column av-cell-link avia-link-column-hover \" style='vertical-align:top; padding:40px; ' data-link-column-url=\"https:\/\/nam-k.fr\/index.php\/galerie-nam-artiste-plasticien-choletais\/\" ><div class='flex_cell_inner' ><p><div  style='padding-bottom:10px; ' class='av-special-heading av-special-heading-h3    avia-builder-el-16  el_before_av_textblock  avia-builder-el-first  av-linked-heading '><h3 class='av-special-heading-tag '  itemprop=\"headline\"  ><a href=\"https:\/\/nam-k.fr\/index.php\/galerie-nam-artiste-plasticien-choletais\/\">Ses Tableaux<\/a><\/h3><div class='special-heading-border'><div class='special-heading-inner-border' ><\/div><\/div><\/div><br \/>\n<section class=\"av_textblock_section \"  itemscope=\"itemscope\" itemtype=\"https:\/\/schema.org\/CreativeWork\" ><div class='avia_textblock  '   itemprop=\"text\" ><p>Voyagez avec Nam depuis ses d\u00e9buts jusqu&rsquo;\u00e0 maintenant&#8230;<\/p>\n<p>D\u00e9couvrez une partie de ses oeuvres.<\/p>\n<\/div><\/section><\/p>\n<\/div><\/div><div class=\"flex_cell no_margin av_one_half  avia-builder-el-18  el_after_av_cell_one_half  avia-builder-el-last   \" style='vertical-align:top; padding:40px; background-color:#f7f7f7; '><div class='flex_cell_inner' ><p><div  style='padding-bottom:10px; ' class='av-special-heading av-special-heading-h3    avia-builder-el-19  el_before_av_textblock  avia-builder-el-first  av-linked-heading '><h3 class='av-special-heading-tag '  itemprop=\"headline\"  ><a href=\"https:\/\/nam-k.fr\/index.php\/expositions-nam-artiste-plasticien-choletais\/\">Ses Expositions<\/a><\/h3><div class='special-heading-border'><div class='special-heading-inner-border' ><\/div><\/div><\/div><br \/>\n<section class=\"av_textblock_section \"  itemscope=\"itemscope\" itemtype=\"https:\/\/schema.org\/CreativeWork\" ><div class='avia_textblock  '   itemprop=\"text\" ><p>Prolongez votre exp\u00e9rience \u00a0avec Nam&#8230;<\/p>\n<p>Revivez ses expositions, sa fa\u00e7on de visualiser l&rsquo;espace.<\/p>\n<\/div><\/section><\/p>\n<\/div><\/div>\n<\/div><\/p>\n","protected":false},"excerpt":{"rendered":"","protected":false},"author":1,"featured_media":0,"parent":0,"menu_order":0,"comment_status":"open","ping_status":"open","template":"","meta":{"footnotes":""},"class_list":["post-21","page","type-page","status-publish","hentry"],"yoast_head":"<!-- This site is optimized with the Yoast SEO plugin v24.9 - https:\/\/yoast.com\/wordpress\/plugins\/seo\/ -->\n<title>D\u00e9marche - nam-k.fr<\/title>\n<meta name=\"description\" content=\"Michel AIRAUD alias NAM est heureux de vous accueillir sur son site. Vous pourrez ainsi parcourir une partie de son travail et de ses oeuvres. Naturellement Amoureux du Monde, NAM , Artiste Plasticien natif de Cholet, vous souhaite une agr\u00e9able visite. A bient\u00f4t...\" \/>\n<meta name=\"robots\" content=\"index, follow, max-snippet:-1, max-image-preview:large, max-video-preview:-1\" \/>\n<link rel=\"canonical\" href=\"https:\/\/nam-k.fr\/index.php\/demarche-nam-artiste-plasticien-choletais\/\" \/>\n<meta property=\"og:locale\" content=\"fr_FR\" \/>\n<meta property=\"og:type\" content=\"article\" \/>\n<meta property=\"og:title\" content=\"D\u00e9marche - nam-k.fr\" \/>\n<meta property=\"og:description\" content=\"Michel AIRAUD alias NAM est heureux de vous accueillir sur son site. Vous pourrez ainsi parcourir une partie de son travail et de ses oeuvres. Naturellement Amoureux du Monde, NAM , Artiste Plasticien natif de Cholet, vous souhaite une agr\u00e9able visite. A bient\u00f4t...\" \/>\n<meta property=\"og:url\" content=\"https:\/\/nam-k.fr\/index.php\/demarche-nam-artiste-plasticien-choletais\/\" \/>\n<meta property=\"og:site_name\" content=\"nam-k.fr\" \/>\n<meta property=\"article:publisher\" content=\"https:\/\/www.facebook.com\/nam.airaud\" \/>\n<meta property=\"article:modified_time\" content=\"2020-04-10T15:38:34+00:00\" \/>\n<meta name=\"twitter:card\" content=\"summary_large_image\" \/>\n<meta name=\"twitter:label1\" content=\"Dur\u00e9e de lecture estim\u00e9e\" \/>\n\t<meta name=\"twitter:data1\" content=\"10 minutes\" \/>\n<script type=\"application\/ld+json\" class=\"yoast-schema-graph\">{\"@context\":\"https:\/\/schema.org\",\"@graph\":[{\"@type\":\"WebPage\",\"@id\":\"https:\/\/nam-k.fr\/index.php\/demarche-nam-artiste-plasticien-choletais\/\",\"url\":\"https:\/\/nam-k.fr\/index.php\/demarche-nam-artiste-plasticien-choletais\/\",\"name\":\"D\u00e9marche - nam-k.fr\",\"isPartOf\":{\"@id\":\"https:\/\/nam-k.fr\/#website\"},\"datePublished\":\"2014-09-26T17:23:32+00:00\",\"dateModified\":\"2020-04-10T15:38:34+00:00\",\"description\":\"Michel AIRAUD alias NAM est heureux de vous accueillir sur son site. Vous pourrez ainsi parcourir une partie de son travail et de ses oeuvres. Naturellement Amoureux du Monde, NAM , Artiste Plasticien natif de Cholet, vous souhaite une agr\u00e9able visite. A bient\u00f4t...\",\"breadcrumb\":{\"@id\":\"https:\/\/nam-k.fr\/index.php\/demarche-nam-artiste-plasticien-choletais\/#breadcrumb\"},\"inLanguage\":\"fr-FR\",\"potentialAction\":[{\"@type\":\"ReadAction\",\"target\":[\"https:\/\/nam-k.fr\/index.php\/demarche-nam-artiste-plasticien-choletais\/\"]}]},{\"@type\":\"BreadcrumbList\",\"@id\":\"https:\/\/nam-k.fr\/index.php\/demarche-nam-artiste-plasticien-choletais\/#breadcrumb\",\"itemListElement\":[{\"@type\":\"ListItem\",\"position\":1,\"name\":\"Accueil\",\"item\":\"https:\/\/nam-k.fr\/\"},{\"@type\":\"ListItem\",\"position\":2,\"name\":\"D\u00e9marche\"}]},{\"@type\":\"WebSite\",\"@id\":\"https:\/\/nam-k.fr\/#website\",\"url\":\"https:\/\/nam-k.fr\/\",\"name\":\"nam-k.fr\",\"description\":\"Nam, Artiste Peintre Choletais\",\"publisher\":{\"@id\":\"https:\/\/nam-k.fr\/#organization\"},\"potentialAction\":[{\"@type\":\"SearchAction\",\"target\":{\"@type\":\"EntryPoint\",\"urlTemplate\":\"https:\/\/nam-k.fr\/?s={search_term_string}\"},\"query-input\":{\"@type\":\"PropertyValueSpecification\",\"valueRequired\":true,\"valueName\":\"search_term_string\"}}],\"inLanguage\":\"fr-FR\"},{\"@type\":\"Organization\",\"@id\":\"https:\/\/nam-k.fr\/#organization\",\"name\":\"NAM Artsite Plasticien\",\"url\":\"https:\/\/nam-k.fr\/\",\"logo\":{\"@type\":\"ImageObject\",\"inLanguage\":\"fr-FR\",\"@id\":\"https:\/\/nam-k.fr\/#\/schema\/logo\/image\/\",\"url\":\"https:\/\/nam-k.fr\/wp-content\/uploads\/2020\/03\/Logo-Nam-K.fr-1000X1000.jpg\",\"contentUrl\":\"https:\/\/nam-k.fr\/wp-content\/uploads\/2020\/03\/Logo-Nam-K.fr-1000X1000.jpg\",\"width\":1000,\"height\":1000,\"caption\":\"NAM Artsite Plasticien\"},\"image\":{\"@id\":\"https:\/\/nam-k.fr\/#\/schema\/logo\/image\/\"},\"sameAs\":[\"https:\/\/www.facebook.com\/nam.airaud\"]}]}<\/script>\n<!-- \/ Yoast SEO plugin. -->","yoast_head_json":{"title":"D\u00e9marche - nam-k.fr","description":"Michel AIRAUD alias NAM est heureux de vous accueillir sur son site. Vous pourrez ainsi parcourir une partie de son travail et de ses oeuvres. Naturellement Amoureux du Monde, NAM , Artiste Plasticien natif de Cholet, vous souhaite une agr\u00e9able visite. A bient\u00f4t...","robots":{"index":"index","follow":"follow","max-snippet":"max-snippet:-1","max-image-preview":"max-image-preview:large","max-video-preview":"max-video-preview:-1"},"canonical":"https:\/\/nam-k.fr\/index.php\/demarche-nam-artiste-plasticien-choletais\/","og_locale":"fr_FR","og_type":"article","og_title":"D\u00e9marche - nam-k.fr","og_description":"Michel AIRAUD alias NAM est heureux de vous accueillir sur son site. Vous pourrez ainsi parcourir une partie de son travail et de ses oeuvres. Naturellement Amoureux du Monde, NAM , Artiste Plasticien natif de Cholet, vous souhaite une agr\u00e9able visite. A bient\u00f4t...","og_url":"https:\/\/nam-k.fr\/index.php\/demarche-nam-artiste-plasticien-choletais\/","og_site_name":"nam-k.fr","article_publisher":"https:\/\/www.facebook.com\/nam.airaud","article_modified_time":"2020-04-10T15:38:34+00:00","twitter_card":"summary_large_image","twitter_misc":{"Dur\u00e9e de lecture estim\u00e9e":"10 minutes"},"schema":{"@context":"https:\/\/schema.org","@graph":[{"@type":"WebPage","@id":"https:\/\/nam-k.fr\/index.php\/demarche-nam-artiste-plasticien-choletais\/","url":"https:\/\/nam-k.fr\/index.php\/demarche-nam-artiste-plasticien-choletais\/","name":"D\u00e9marche - nam-k.fr","isPartOf":{"@id":"https:\/\/nam-k.fr\/#website"},"datePublished":"2014-09-26T17:23:32+00:00","dateModified":"2020-04-10T15:38:34+00:00","description":"Michel AIRAUD alias NAM est heureux de vous accueillir sur son site. Vous pourrez ainsi parcourir une partie de son travail et de ses oeuvres. Naturellement Amoureux du Monde, NAM , Artiste Plasticien natif de Cholet, vous souhaite une agr\u00e9able visite. A bient\u00f4t...","breadcrumb":{"@id":"https:\/\/nam-k.fr\/index.php\/demarche-nam-artiste-plasticien-choletais\/#breadcrumb"},"inLanguage":"fr-FR","potentialAction":[{"@type":"ReadAction","target":["https:\/\/nam-k.fr\/index.php\/demarche-nam-artiste-plasticien-choletais\/"]}]},{"@type":"BreadcrumbList","@id":"https:\/\/nam-k.fr\/index.php\/demarche-nam-artiste-plasticien-choletais\/#breadcrumb","itemListElement":[{"@type":"ListItem","position":1,"name":"Accueil","item":"https:\/\/nam-k.fr\/"},{"@type":"ListItem","position":2,"name":"D\u00e9marche"}]},{"@type":"WebSite","@id":"https:\/\/nam-k.fr\/#website","url":"https:\/\/nam-k.fr\/","name":"nam-k.fr","description":"Nam, Artiste Peintre Choletais","publisher":{"@id":"https:\/\/nam-k.fr\/#organization"},"potentialAction":[{"@type":"SearchAction","target":{"@type":"EntryPoint","urlTemplate":"https:\/\/nam-k.fr\/?s={search_term_string}"},"query-input":{"@type":"PropertyValueSpecification","valueRequired":true,"valueName":"search_term_string"}}],"inLanguage":"fr-FR"},{"@type":"Organization","@id":"https:\/\/nam-k.fr\/#organization","name":"NAM Artsite Plasticien","url":"https:\/\/nam-k.fr\/","logo":{"@type":"ImageObject","inLanguage":"fr-FR","@id":"https:\/\/nam-k.fr\/#\/schema\/logo\/image\/","url":"https:\/\/nam-k.fr\/wp-content\/uploads\/2020\/03\/Logo-Nam-K.fr-1000X1000.jpg","contentUrl":"https:\/\/nam-k.fr\/wp-content\/uploads\/2020\/03\/Logo-Nam-K.fr-1000X1000.jpg","width":1000,"height":1000,"caption":"NAM Artsite Plasticien"},"image":{"@id":"https:\/\/nam-k.fr\/#\/schema\/logo\/image\/"},"sameAs":["https:\/\/www.facebook.com\/nam.airaud"]}]}},"_links":{"self":[{"href":"https:\/\/nam-k.fr\/index.php\/wp-json\/wp\/v2\/pages\/21","targetHints":{"allow":["GET"]}}],"collection":[{"href":"https:\/\/nam-k.fr\/index.php\/wp-json\/wp\/v2\/pages"}],"about":[{"href":"https:\/\/nam-k.fr\/index.php\/wp-json\/wp\/v2\/types\/page"}],"author":[{"embeddable":true,"href":"https:\/\/nam-k.fr\/index.php\/wp-json\/wp\/v2\/users\/1"}],"replies":[{"embeddable":true,"href":"https:\/\/nam-k.fr\/index.php\/wp-json\/wp\/v2\/comments?post=21"}],"version-history":[{"count":19,"href":"https:\/\/nam-k.fr\/index.php\/wp-json\/wp\/v2\/pages\/21\/revisions"}],"predecessor-version":[{"id":918,"href":"https:\/\/nam-k.fr\/index.php\/wp-json\/wp\/v2\/pages\/21\/revisions\/918"}],"wp:attachment":[{"href":"https:\/\/nam-k.fr\/index.php\/wp-json\/wp\/v2\/media?parent=21"}],"curies":[{"name":"wp","href":"https:\/\/api.w.org\/{rel}","templated":true}]}}